{"id":359,"date":"2025-01-21T20:36:10","date_gmt":"2025-01-21T23:36:10","guid":{"rendered":"http:\/\/e2.cl\/?page_id=359"},"modified":"2025-01-24T10:45:24","modified_gmt":"2025-01-24T13:45:24","slug":"home","status":"publish","type":"page","link":"http:\/\/enesa.cl\/","title":{"rendered":"Home"},"content":{"rendered":"<p>[et_pb_section fb_built=&#8221;1&#8243; _builder_version=&#8221;4.27.3&#8243; _module_preset=&#8221;default&#8221; background_enable_image=&#8221;off&#8221; custom_css_free_form=&#8221;div.et_pb_section.et_pb_section_0{||position:relative;||left:0;||width:100%;||height:105vh;||animation:animate 10s ease-in-out infinite;||background-size:cover;||}||@keyframes animate{||   0%,100%{||   background-image:url(http:\/\/enesa.cl\/wp-content\/uploads\/2025\/01\/clouds.jpg);||   }||   100%{||   background-image:url(http:\/\/enesa.cl\/wp-content\/uploads\/2025\/01\/landscape.jpg);||   }||}&#8221; global_colors_info=&#8221;{}&#8221;][et_pb_row _builder_version=&#8221;4.27.3&#8243; _module_preset=&#8221;default&#8221; vertical_offset=&#8221;-15px&#8221; horizontal_offset=&#8221;0px&#8221; z_index=&#8221;20&#8243; locked=&#8221;off&#8221; global_colors_info=&#8221;{}&#8221;][et_pb_column type=&#8221;4_4&#8243; _builder_version=&#8221;4.27.3&#8243; _module_preset=&#8221;default&#8221; global_colors_info=&#8221;{}&#8221;][et_pb_image src=&#8221;http:\/\/enesa.cl\/wp-content\/uploads\/2025\/01\/logo_nuevaenergia1.png&#8221; title_text=&#8221;logo_nuevaenergia1&#8243; align=&#8221;center&#8221; _builder_version=&#8221;4.27.3&#8243; _module_preset=&#8221;default&#8221; global_colors_info=&#8221;{}&#8221;][\/et_pb_image][et_pb_text _builder_version=&#8221;4.27.3&#8243; _module_preset=&#8221;default&#8221; text_text_color=&#8221;#FFFFFF&#8221; text_font_size=&#8221;26px&#8221; text_orientation=&#8221;center&#8221; custom_margin=&#8221;||||false|false&#8221; custom_padding=&#8221;||||false|false&#8221; global_colors_info=&#8221;{}&#8221;]<\/p>\n<p>trabajamos <strong>junto a usted<\/strong> para energizar su vida<\/p>\n<p>[\/et_pb_text][\/et_pb_column][\/et_pb_row][et_pb_row _builder_version=&#8221;4.27.3&#8243; _module_preset=&#8221;default&#8221; custom_margin=&#8221;||||false|false&#8221; custom_padding=&#8221;0px|0px|0px|0px|false|false&#8221; locked=&#8221;off&#8221; global_colors_info=&#8221;{}&#8221;][et_pb_column type=&#8221;4_4&#8243; _builder_version=&#8221;4.27.3&#8243; _module_preset=&#8221;default&#8221; global_colors_info=&#8221;{}&#8221;][et_pb_slider _builder_version=&#8221;4.27.3&#8243; _module_preset=&#8221;default&#8221; custom_margin=&#8221;0px||||false|false&#8221; custom_padding=&#8221;0px||||false|false&#8221; auto=&#8221;on&#8221; auto_speed=&#8221;5000&#8243; hover_enabled=&#8221;0&#8243; global_colors_info=&#8221;{}&#8221; sticky_enabled=&#8221;0&#8243;][et_pb_slide heading=&#8221;Qui\u00e9nes Somos&#8221; button_text=&#8221;Ir&#8221; button_link=&#8221;http:\/\/enesa.cl\/?page_id=131&#8243; image=&#8221;http:\/\/enesa.cl\/wp-content\/uploads\/2025\/01\/DSC02622.jpg&#8221; use_bg_overlay=&#8221;off&#8221; use_text_overlay=&#8221;on&#8221; _builder_version=&#8221;4.27.3&#8243; _module_preset=&#8221;default&#8221; header_level=&#8221;h2&#8243; header_font_size=&#8221;32px&#8221; body_text_align=&#8221;justify&#8221; body_font_size=&#8221;12px&#8221; background_color=&#8221;RGBA(255,255,255,0)&#8221; background_enable_color=&#8221;on&#8221; custom_button=&#8221;on&#8221; button_text_size=&#8221;12px&#8221; button_bg_color=&#8221;#6B6B6B&#8221; button_border_radius=&#8221;15px&#8221; button_font=&#8221;|&#8211;et_global_heading_font_weight|||||||&#8221; button_use_icon=&#8221;on&#8221; button_on_hover=&#8221;off&#8221; button_alignment=&#8221;center&#8221; text_orientation=&#8221;justified&#8221; custom_padding=&#8221;0px||0px||false|false&#8221; hover_enabled=&#8221;0&#8243; box_shadow_style_image=&#8221;preset1&#8243; global_colors_info=&#8221;{}&#8221; sticky_transition=&#8221;on&#8221; sticky_enabled=&#8221;0&#8243;]<\/p>\n<p><span>El\u00e9ctrica Nueva Energ\u00eda S.A.,\u00a0es una empresa l\u00edder en la generaci\u00f3n de energ\u00eda el\u00e9ctrica a partir de fuentes renovables no convencionales, tales como la hidroelectricidad, biomasa, energ\u00eda e\u00f3lica, solar y otras alternativas sostenibles, con el objetivo de satisfacer la creciente demanda energ\u00e9tica del mercado chileno. La compa\u00f1\u00eda cuenta con una moderna central de cogeneraci\u00f3n en la comuna de Coronel, que opera utilizando biomasa forestal de diversas fuentes, produciendo electricidad para el Sistema Interconectado Central (SIC) y vapor para diversos procesos industriales.<\/span><\/p>\n<p>[\/et_pb_slide][et_pb_slide heading=&#8221;Nuestra Misi\u00f3n&#8221; button_text=&#8221;Ir&#8221; button_link=&#8221;http:\/\/enesa.cl\/?page_id=143&#8243; image=&#8221;http:\/\/enesa.cl\/wp-content\/uploads\/2025\/01\/mision.jpg&#8221; use_text_overlay=&#8221;on&#8221; _builder_version=&#8221;4.27.3&#8243; _module_preset=&#8221;default&#8221; header_font_size=&#8221;32px&#8221; body_text_align=&#8221;justify&#8221; body_font_size=&#8221;12px&#8221; background_color=&#8221;RGBA(255,255,255,0)&#8221; background_enable_color=&#8221;on&#8221; custom_button=&#8221;on&#8221; button_text_size=&#8221;12px&#8221; button_bg_color=&#8221;#6B6B6B&#8221; button_border_color=&#8221;#6B6B6B&#8221; button_border_radius=&#8221;15px&#8221; button_use_icon=&#8221;on&#8221; button_on_hover=&#8221;off&#8221; button_alignment=&#8221;center&#8221; text_orientation=&#8221;justified&#8221; custom_padding=&#8221;0px||0px||false|false&#8221; box_shadow_style_image=&#8221;preset1&#8243; global_colors_info=&#8221;{}&#8221; sticky_transition=&#8221;on&#8221;]<\/p>\n<p><span>El\u00e9ctrica Nueva Energ\u00eda S.A. tiene por misi\u00f3n satisfacer la demanda de energ\u00eda del pa\u00eds y de clientes espec\u00edficos, siendo consecuentes con el respeto y cuidado del personal que labora en sus instalaciones, medioambiente y comunidades donde mantiene operaciones<\/span><\/p>\n<p>[\/et_pb_slide][et_pb_slide heading=&#8221;Central Escuadr\u00f3n&#8221; button_text=&#8221;Ir&#8221; button_link=&#8221;http:\/\/enesa.cl\/?page_id=145&#8243; image=&#8221;http:\/\/enesa.cl\/wp-content\/uploads\/2025\/01\/central_termoelectrica_1280.jpg&#8221; use_text_overlay=&#8221;on&#8221; _builder_version=&#8221;4.27.3&#8243; _module_preset=&#8221;default&#8221; header_text_align=&#8221;justify&#8221; header_font_size=&#8221;32px&#8221; body_text_align=&#8221;justify&#8221; body_font_size=&#8221;12px&#8221; background_color=&#8221;RGBA(255,255,255,0)&#8221; background_enable_color=&#8221;on&#8221; custom_button=&#8221;on&#8221; button_text_size=&#8221;12px&#8221; button_bg_color=&#8221;#6B6B6B&#8221; button_border_radius=&#8221;15px&#8221; button_font=&#8221;|&#8211;et_global_heading_font_weight|||||||&#8221; button_use_icon=&#8221;on&#8221; button_icon_placement=&#8221;right&#8221; button_on_hover=&#8221;off&#8221; button_alignment=&#8221;center&#8221; text_orientation=&#8221;justified&#8221; custom_padding=&#8221;0px||0px||false|false&#8221; hover_enabled=&#8221;0&#8243; box_shadow_style_image=&#8221;preset1&#8243; global_colors_info=&#8221;{}&#8221; sticky_transition=&#8221;on&#8221; sticky_enabled=&#8221;0&#8243;]<\/p>\n<p><span>Ubicada en la comuna de Coronel, Regi\u00f3n del Bio B\u00edo, Chile es una Central de Cogeneraci\u00f3n compuesta por una caldera para producir vapor de Alta Presi\u00f3n a partir de la combusti\u00f3n de biomasa forestal: corteza, aserr\u00edn, viruta. El vapor est\u00e1 destinado a alimentar dos turbogeneradores que producen energ\u00eda el\u00e9ctrica que alimenta al Sistema Interconectado Central (SIC) y vapor para un proceso de fabricaci\u00f3n de papel. La potencia el\u00e9ctrica bruta de la central es de 14,5 MW.<\/span><\/p>\n<p>[\/et_pb_slide][\/et_pb_slider][\/et_pb_column][\/et_pb_row][\/et_pb_section]<\/p>\n","protected":false},"excerpt":{"rendered":"<p>trabajamos junto a usted para energizar su vidaEl\u00e9ctrica Nueva Energ\u00eda S.A.,\u00a0es una empresa l\u00edder en la generaci\u00f3n de energ\u00eda el\u00e9ctrica a partir de fuentes renovables no convencionales, tales como la hidroelectricidad, biomasa, energ\u00eda e\u00f3lica, solar y otras alternativas sostenibles, con el objetivo de satisfacer la creciente demanda energ\u00e9tica del mercado chileno. La compa\u00f1\u00eda cuenta con [&hellip;]<\/p>\n","protected":false},"author":1,"featured_media":0,"parent":0,"menu_order":0,"comment_status":"closed","ping_status":"closed","template":"","meta":{"_et_pb_use_builder":"on","_et_pb_old_content":"","_et_gb_content_width":"","footnotes":""},"class_list":["post-359","page","type-page","status-publish","hentry"],"_links":{"self":[{"href":"http:\/\/enesa.cl\/index.php?rest_route=\/wp\/v2\/pages\/359","targetHints":{"allow":["GET"]}}],"collection":[{"href":"http:\/\/enesa.cl\/index.php?rest_route=\/wp\/v2\/pages"}],"about":[{"href":"http:\/\/enesa.cl\/index.php?rest_route=\/wp\/v2\/types\/page"}],"author":[{"embeddable":true,"href":"http:\/\/enesa.cl\/index.php?rest_route=\/wp\/v2\/users\/1"}],"replies":[{"embeddable":true,"href":"http:\/\/enesa.cl\/index.php?rest_route=%2Fwp%2Fv2%2Fcomments&post=359"}],"version-history":[{"count":65,"href":"http:\/\/enesa.cl\/index.php?rest_route=\/wp\/v2\/pages\/359\/revisions"}],"predecessor-version":[{"id":504,"href":"http:\/\/enesa.cl\/index.php?rest_route=\/wp\/v2\/pages\/359\/revisions\/504"}],"wp:attachment":[{"href":"http:\/\/enesa.cl\/index.php?rest_route=%2Fwp%2Fv2%2Fmedia&parent=359"}],"curies":[{"name":"wp","href":"https:\/\/api.w.org\/{rel}","templated":true}]}}