{"id":131,"date":"2025-01-19T20:34:17","date_gmt":"2025-01-19T20:34:17","guid":{"rendered":"http:\/\/e2.cl\/?page_id=131"},"modified":"2025-01-24T10:33:49","modified_gmt":"2025-01-24T13:33:49","slug":"quienessomos","status":"publish","type":"page","link":"http:\/\/enesa.cl\/?page_id=131","title":{"rendered":"Qui\u00e9nes Somos"},"content":{"rendered":"<p>[et_pb_section fb_built=&#8221;1&#8243; _builder_version=&#8221;4.27.3&#8243; _module_preset=&#8221;default&#8221; background_image=&#8221;http:\/\/enesa.cl\/wp-content\/uploads\/2025\/01\/DSC02622.jpg&#8221; width=&#8221;100%&#8221; max_width=&#8221;100%&#8221; height=&#8221;100vh&#8221; global_colors_info=&#8221;{}&#8221;][et_pb_row _builder_version=&#8221;4.27.3&#8243; _module_preset=&#8221;default&#8221; global_colors_info=&#8221;{}&#8221;][et_pb_column type=&#8221;4_4&#8243; _builder_version=&#8221;4.27.3&#8243; _module_preset=&#8221;default&#8221; global_colors_info=&#8221;{}&#8221;][et_pb_text _builder_version=&#8221;4.27.3&#8243; _module_preset=&#8221;default&#8221; text_font=&#8221;||||||||&#8221; text_text_color=&#8221;#FFFFFF&#8221; text_font_size=&#8221;45px&#8221; text_orientation=&#8221;center&#8221; text_text_shadow_style=&#8221;preset1&#8243; global_colors_info=&#8221;{}&#8221;]<\/p>\n<p>Qui\u00e9nes Somos<\/p>\n<p>[\/et_pb_text][\/et_pb_column][\/et_pb_row][et_pb_row _builder_version=&#8221;4.27.3&#8243; _module_preset=&#8221;default&#8221; background_color=&#8221;#FFFFFF&#8221; custom_margin=&#8221;||||false|false&#8221; custom_padding=&#8221;10px|10px|10px|10px|false|false&#8221; box_shadow_style=&#8221;preset6&#8243; global_colors_info=&#8221;{}&#8221;][et_pb_column type=&#8221;4_4&#8243; _builder_version=&#8221;4.27.3&#8243; _module_preset=&#8221;default&#8221; global_colors_info=&#8221;{}&#8221;][et_pb_text _builder_version=&#8221;4.27.3&#8243; _module_preset=&#8221;default&#8221; text_font_size=&#8221;12px&#8221; text_orientation=&#8221;justified&#8221; custom_padding=&#8221;30px|30px|30px|30px|false|false&#8221; hover_enabled=&#8221;0&#8243; global_colors_info=&#8221;{}&#8221; sticky_enabled=&#8221;0&#8243;]<\/p>\n<p style=\"text-align: justify;\"><strong><span class='et-dropcap'>E<\/span><\/p>\n<p>l\u00e9ctrica Nueva Energ\u00eda S.A.<\/strong> es una empresa l\u00edder en la generaci\u00f3n de energ\u00eda el\u00e9ctrica a partir de fuentes renovables no convencionales, tales como la hidroelectricidad, biomasa, energ\u00eda e\u00f3lica, solar y otras alternativas sostenibles, con el objetivo de satisfacer la creciente demanda energ\u00e9tica del mercado chileno. La compa\u00f1\u00eda cuenta con una moderna central de cogeneraci\u00f3n en la comuna de Coronel, que opera utilizando biomasa forestal de diversas fuentes, produciendo electricidad para el Sistema Interconectado Central (SIC) y vapor para diversos procesos industriales. Adem\u00e1s, en los \u00faltimos a\u00f1os, El\u00e9ctrica Nueva Energ\u00eda S.A. ha expandido sus actividades al mercado de la fabricaci\u00f3n y comercializaci\u00f3n de pellets, destinados tanto a la calefacci\u00f3n residencial como a procesos industriales. La empresa forma parte del <strong>Grupo FPC<\/strong>, lo que refuerza su compromiso con la innovaci\u00f3n y el desarrollo sostenible.[\/et_pb_text][\/et_pb_column][\/et_pb_row][\/et_pb_section]<\/p>\n","protected":false},"excerpt":{"rendered":"<p>Qui\u00e9nes Somos<span class='et-dropcap'>E<\/span> l\u00e9ctrica Nueva Energ\u00eda S.A. es una empresa l\u00edder en la generaci\u00f3n de energ\u00eda el\u00e9ctrica a partir de fuentes renovables no convencionales, tales como la hidroelectricidad, biomasa, energ\u00eda e\u00f3lica, solar y otras alternativas sostenibles, con el objetivo de satisfacer la creciente demanda energ\u00e9tica del mercado chileno. La compa\u00f1\u00eda cuenta con una moderna central de [&hellip;]<\/p>\n","protected":false},"author":1,"featured_media":0,"parent":0,"menu_order":0,"comment_status":"closed","ping_status":"closed","template":"","meta":{"_et_pb_use_builder":"on","_et_pb_old_content":"","_et_gb_content_width":"","footnotes":""},"class_list":["post-131","page","type-page","status-publish","hentry"],"_links":{"self":[{"href":"http:\/\/enesa.cl\/index.php?rest_route=\/wp\/v2\/pages\/131","targetHints":{"allow":["GET"]}}],"collection":[{"href":"http:\/\/enesa.cl\/index.php?rest_route=\/wp\/v2\/pages"}],"about":[{"href":"http:\/\/enesa.cl\/index.php?rest_route=\/wp\/v2\/types\/page"}],"author":[{"embeddable":true,"href":"http:\/\/enesa.cl\/index.php?rest_route=\/wp\/v2\/users\/1"}],"replies":[{"embeddable":true,"href":"http:\/\/enesa.cl\/index.php?rest_route=%2Fwp%2Fv2%2Fcomments&post=131"}],"version-history":[{"count":12,"href":"http:\/\/enesa.cl\/index.php?rest_route=\/wp\/v2\/pages\/131\/revisions"}],"predecessor-version":[{"id":498,"href":"http:\/\/enesa.cl\/index.php?rest_route=\/wp\/v2\/pages\/131\/revisions\/498"}],"wp:attachment":[{"href":"http:\/\/enesa.cl\/index.php?rest_route=%2Fwp%2Fv2%2Fmedia&parent=131"}],"curies":[{"name":"wp","href":"https:\/\/api.w.org\/{rel}","templated":true}]}}